{"id":82,"date":"2026-03-16T17:18:04","date_gmt":"2026-03-16T16:18:04","guid":{"rendered":"https:\/\/lahim.monsieurrado.fr\/?page_id=82"},"modified":"2026-03-16T17:18:05","modified_gmt":"2026-03-16T16:18:05","slug":"conseils-et-guides-de-conduite","status":"publish","type":"page","link":"https:\/\/lahim.monsieurrado.fr\/index.php\/conseils-et-guides-de-conduite\/","title":{"rendered":"Conseils et Guides de Conduite"},"content":{"rendered":"\n<p>Pour profiter pleinement de votre location, nous avons rassembl\u00e9 <strong>des astuces pratiques et des guides utiles<\/strong>. Que vous soyez en ville ou sur les routes, ces conseils vous aideront \u00e0 voyager en toute s\u00e9curit\u00e9 et confort.<\/p>\n","protected":false},"excerpt":{"rendered":"<p>Pour profiter pleinement de votre location, nous avons rassembl\u00e9 des astuces pratiques et des guides utiles. Que vous soyez en ville ou sur les routes, ces conseils vous aideront \u00e0 voyager en toute s\u00e9curit\u00e9 et confort.<\/p>\n","protected":false},"author":1,"featured_media":0,"parent":0,"menu_order":0,"comment_status":"closed","ping_status":"closed","template":"","meta":{"footnotes":""},"class_list":["post-82","page","type-page","status-publish","hentry"],"_links":{"self":[{"href":"https:\/\/lahim.monsieurrado.fr\/index.php\/wp-json\/wp\/v2\/pages\/82","targetHints":{"allow":["GET"]}}],"collection":[{"href":"https:\/\/lahim.monsieurrado.fr\/index.php\/wp-json\/wp\/v2\/pages"}],"about":[{"href":"https:\/\/lahim.monsieurrado.fr\/index.php\/wp-json\/wp\/v2\/types\/page"}],"author":[{"embeddable":true,"href":"https:\/\/lahim.monsieurrado.fr\/index.php\/wp-json\/wp\/v2\/users\/1"}],"replies":[{"embeddable":true,"href":"https:\/\/lahim.monsieurrado.fr\/index.php\/wp-json\/wp\/v2\/comments?post=82"}],"version-history":[{"count":1,"href":"https:\/\/lahim.monsieurrado.fr\/index.php\/wp-json\/wp\/v2\/pages\/82\/revisions"}],"predecessor-version":[{"id":106,"href":"https:\/\/lahim.monsieurrado.fr\/index.php\/wp-json\/wp\/v2\/pages\/82\/revisions\/106"}],"wp:attachment":[{"href":"https:\/\/lahim.monsieurrado.fr\/index.php\/wp-json\/wp\/v2\/media?parent=82"}],"curies":[{"name":"wp","href":"https:\/\/api.w.org\/{rel}","templated":true}]}}