{"id":138,"date":"2026-03-16T17:44:50","date_gmt":"2026-03-16T16:44:50","guid":{"rendered":"https:\/\/lahim.monsieurrado.fr\/?post_type=product&#038;p=138"},"modified":"2026-03-16T17:44:51","modified_gmt":"2026-03-16T16:44:51","slug":"volkswagen-golf","status":"publish","type":"product","link":"https:\/\/lahim.monsieurrado.fr\/index.php\/produit\/volkswagen-golf\/","title":{"rendered":"Volkswagen Golf"},"content":{"rendered":"<p><span>La\u00a0<\/span><strong>Volkswagen Golf<\/strong><span>\u00a0est une voiture fiable et confortable, id\u00e9ale pour vos trajets quotidiens ou vos escapades en ville. Avec sa consommation ma\u00eetris\u00e9e et son int\u00e9rieur ergonomique, elle combine\u00a0<\/span><strong>praticit\u00e9, confort et plaisir de conduite<\/strong><span>.<\/span><\/p>\n","protected":false},"excerpt":{"rendered":"<p><span class=\"BZ_Pyq_fadeIn\">La <\/span><strong data-start=\"176\" data-end=\"195\"><span class=\"BZ_Pyq_fadeIn\">Volkswagen <\/span><span class=\"BZ_Pyq_fadeIn\">Golf<\/span><\/strong><span class=\"BZ_Pyq_fadeIn\"> <\/span><span class=\"BZ_Pyq_fadeIn\">est <\/span><span class=\"BZ_Pyq_fadeIn\">une <\/span><span class=\"BZ_Pyq_fadeIn\">voiture <\/span><span class=\"BZ_Pyq_fadeIn\">compacte, <\/span><span class=\"BZ_Pyq_fadeIn\">fiable <\/span><span class=\"BZ_Pyq_fadeIn\">et <\/span><span class=\"BZ_Pyq_fadeIn\">confortable, <\/span><span class=\"BZ_Pyq_fadeIn\">id\u00e9ale <\/span><span class=\"BZ_Pyq_fadeIn\">pour <\/span><span class=\"BZ_Pyq_fadeIn\">vos <\/span><span class=\"BZ_Pyq_fadeIn\">trajets <\/span><span class=\"BZ_Pyq_fadeIn\">en <\/span><span class=\"BZ_Pyq_fadeIn\">ville <\/span><span class=\"BZ_Pyq_fadeIn\">ou <\/span><span class=\"BZ_Pyq_fadeIn\">vos <\/span><span class=\"BZ_Pyq_fadeIn\">escapades. <\/span><span class=\"BZ_Pyq_fadeIn\">Elle <\/span><span class=\"BZ_Pyq_fadeIn\">combine <\/span><strong data-start=\"309\" data-end=\"370\"><span class=\"BZ_Pyq_fadeIn\">\u00e9conomie <\/span><span class=\"BZ_Pyq_fadeIn\">de <\/span><span class=\"BZ_Pyq_fadeIn\">carburant, <\/span><span class=\"BZ_Pyq_fadeIn\">maniabilit\u00e9 <\/span><span class=\"BZ_Pyq_fadeIn\">et <\/span><span class=\"BZ_Pyq_fadeIn\">technologie <\/span><span class=\"BZ_Pyq_fadeIn\">moderne<\/span><\/strong><span class=\"BZ_Pyq_fadeIn\">, <\/span><span class=\"BZ_Pyq_fadeIn\">offrant <\/span><span class=\"BZ_Pyq_fadeIn\">une <\/span><span class=\"BZ_Pyq_fadeIn\">exp\u00e9rience <\/span><span class=\"BZ_Pyq_fadeIn\">de <\/span><span class=\"BZ_Pyq_fadeIn\">conduite <\/span><span class=\"BZ_Pyq_fadeIn\">agr\u00e9able <\/span><span class=\"BZ_Pyq_fadeIn\">pour <\/span><span class=\"BZ_Pyq_fadeIn\">tous <\/span><span class=\"BZ_Pyq_fadeIn\">vos <\/span><span class=\"BZ_Pyq_fadeIn\">d\u00e9placements.<\/span><\/p>\n","protected":false},"featured_media":121,"comment_status":"open","ping_status":"closed","template":"","meta":[],"product_brand":[],"product_cat":[19],"product_tag":[21],"class_list":{"0":"post-138","1":"product","2":"type-product","3":"status-publish","4":"has-post-thumbnail","6":"product_cat-non-classe","7":"product_tag-compacte","9":"first","10":"instock","11":"sale","12":"shipping-taxable","13":"purchasable","14":"product-type-simple"},"_links":{"self":[{"href":"https:\/\/lahim.monsieurrado.fr\/index.php\/wp-json\/wp\/v2\/product\/138","targetHints":{"allow":["GET"]}}],"collection":[{"href":"https:\/\/lahim.monsieurrado.fr\/index.php\/wp-json\/wp\/v2\/product"}],"about":[{"href":"https:\/\/lahim.monsieurrado.fr\/index.php\/wp-json\/wp\/v2\/types\/product"}],"replies":[{"embeddable":true,"href":"https:\/\/lahim.monsieurrado.fr\/index.php\/wp-json\/wp\/v2\/comments?post=138"}],"wp:featuredmedia":[{"embeddable":true,"href":"https:\/\/lahim.monsieurrado.fr\/index.php\/wp-json\/wp\/v2\/media\/121"}],"wp:attachment":[{"href":"https:\/\/lahim.monsieurrado.fr\/index.php\/wp-json\/wp\/v2\/media?parent=138"}],"wp:term":[{"taxonomy":"product_brand","embeddable":true,"href":"https:\/\/lahim.monsieurrado.fr\/index.php\/wp-json\/wp\/v2\/product_brand?post=138"},{"taxonomy":"product_cat","embeddable":true,"href":"https:\/\/lahim.monsieurrado.fr\/index.php\/wp-json\/wp\/v2\/product_cat?post=138"},{"taxonomy":"product_tag","embeddable":true,"href":"https:\/\/lahim.monsieurrado.fr\/index.php\/wp-json\/wp\/v2\/product_tag?post=138"}],"curies":[{"name":"wp","href":"https:\/\/api.w.org\/{rel}","templated":true}]}}