{"id":140,"date":"2026-03-16T17:48:33","date_gmt":"2026-03-16T16:48:33","guid":{"rendered":"https:\/\/lahim.monsieurrado.fr\/?post_type=product&#038;p=140"},"modified":"2026-03-16T17:48:33","modified_gmt":"2026-03-16T16:48:33","slug":"renault-clio","status":"publish","type":"product","link":"https:\/\/lahim.monsieurrado.fr\/index.php\/produit\/renault-clio\/","title":{"rendered":"Renault Clio"},"content":{"rendered":"<p><span>La\u00a0<\/span><strong>Renault Clio<\/strong><span>\u00a0est compacte, maniable et facile \u00e0 garer, parfaite pour vos trajets en ville. Elle combine\u00a0<\/span><strong>efficacit\u00e9 \u00e9nerg\u00e9tique, confort et style<\/strong><span>, le tout \u00e0 un prix abordable. Une voiture pratique pour vos d\u00e9placements quotidiens ou vos courts s\u00e9jours.<\/span><\/p>\n","protected":false},"excerpt":{"rendered":"<p>vive la clio<\/p>\n","protected":false},"featured_media":125,"comment_status":"open","ping_status":"closed","template":"","meta":[],"product_brand":[],"product_cat":[19],"product_tag":[21],"class_list":{"0":"post-140","1":"product","2":"type-product","3":"status-publish","4":"has-post-thumbnail","6":"product_cat-non-classe","7":"product_tag-compacte","9":"first","10":"instock","11":"sale","12":"shipping-taxable","13":"purchasable","14":"product-type-simple"},"_links":{"self":[{"href":"https:\/\/lahim.monsieurrado.fr\/index.php\/wp-json\/wp\/v2\/product\/140","targetHints":{"allow":["GET"]}}],"collection":[{"href":"https:\/\/lahim.monsieurrado.fr\/index.php\/wp-json\/wp\/v2\/product"}],"about":[{"href":"https:\/\/lahim.monsieurrado.fr\/index.php\/wp-json\/wp\/v2\/types\/product"}],"replies":[{"embeddable":true,"href":"https:\/\/lahim.monsieurrado.fr\/index.php\/wp-json\/wp\/v2\/comments?post=140"}],"wp:featuredmedia":[{"embeddable":true,"href":"https:\/\/lahim.monsieurrado.fr\/index.php\/wp-json\/wp\/v2\/media\/125"}],"wp:attachment":[{"href":"https:\/\/lahim.monsieurrado.fr\/index.php\/wp-json\/wp\/v2\/media?parent=140"}],"wp:term":[{"taxonomy":"product_brand","embeddable":true,"href":"https:\/\/lahim.monsieurrado.fr\/index.php\/wp-json\/wp\/v2\/product_brand?post=140"},{"taxonomy":"product_cat","embeddable":true,"href":"https:\/\/lahim.monsieurrado.fr\/index.php\/wp-json\/wp\/v2\/product_cat?post=140"},{"taxonomy":"product_tag","embeddable":true,"href":"https:\/\/lahim.monsieurrado.fr\/index.php\/wp-json\/wp\/v2\/product_tag?post=140"}],"curies":[{"name":"wp","href":"https:\/\/api.w.org\/{rel}","templated":true}]}}