{"id":141,"date":"2026-03-16T17:50:00","date_gmt":"2026-03-16T16:50:00","guid":{"rendered":"https:\/\/lahim.monsieurrado.fr\/?post_type=product&#038;p=141"},"modified":"2026-03-16T17:50:01","modified_gmt":"2026-03-16T16:50:01","slug":"bmw-serie-5","status":"publish","type":"product","link":"https:\/\/lahim.monsieurrado.fr\/index.php\/produit\/bmw-serie-5\/","title":{"rendered":"BMW S\u00e9rie 5"},"content":{"rendered":"<p><span>La\u00a0<\/span><strong>BMW S\u00e9rie 5<\/strong><span>\u00a0est la berline parfaite pour les trajets professionnels ou les longs voyages. Elle combine\u00a0<\/span><strong>puissance, confort et technologies avanc\u00e9es<\/strong><span>, offrant une exp\u00e9rience de conduite fluide et agr\u00e9able. Avec son style raffin\u00e9, elle attire tous les regards sur la route.<\/span><\/p>\n","protected":false},"excerpt":{"rendered":"<p>Un vrai bolide<\/p>\n","protected":false},"featured_media":119,"comment_status":"open","ping_status":"closed","template":"","meta":[],"product_brand":[],"product_cat":[19],"product_tag":[],"class_list":{"0":"post-141","1":"product","2":"type-product","3":"status-publish","4":"has-post-thumbnail","6":"product_cat-non-classe","8":"first","9":"instock","10":"sale","11":"shipping-taxable","12":"purchasable","13":"product-type-simple"},"_links":{"self":[{"href":"https:\/\/lahim.monsieurrado.fr\/index.php\/wp-json\/wp\/v2\/product\/141","targetHints":{"allow":["GET"]}}],"collection":[{"href":"https:\/\/lahim.monsieurrado.fr\/index.php\/wp-json\/wp\/v2\/product"}],"about":[{"href":"https:\/\/lahim.monsieurrado.fr\/index.php\/wp-json\/wp\/v2\/types\/product"}],"replies":[{"embeddable":true,"href":"https:\/\/lahim.monsieurrado.fr\/index.php\/wp-json\/wp\/v2\/comments?post=141"}],"wp:featuredmedia":[{"embeddable":true,"href":"https:\/\/lahim.monsieurrado.fr\/index.php\/wp-json\/wp\/v2\/media\/119"}],"wp:attachment":[{"href":"https:\/\/lahim.monsieurrado.fr\/index.php\/wp-json\/wp\/v2\/media?parent=141"}],"wp:term":[{"taxonomy":"product_brand","embeddable":true,"href":"https:\/\/lahim.monsieurrado.fr\/index.php\/wp-json\/wp\/v2\/product_brand?post=141"},{"taxonomy":"product_cat","embeddable":true,"href":"https:\/\/lahim.monsieurrado.fr\/index.php\/wp-json\/wp\/v2\/product_cat?post=141"},{"taxonomy":"product_tag","embeddable":true,"href":"https:\/\/lahim.monsieurrado.fr\/index.php\/wp-json\/wp\/v2\/product_tag?post=141"}],"curies":[{"name":"wp","href":"https:\/\/api.w.org\/{rel}","templated":true}]}}